{"id":3544,"date":"2025-03-03T10:08:29","date_gmt":"2025-03-03T09:08:29","guid":{"rendered":"https:\/\/hungariancardexpo.hu\/?post_type=product&#038;p=3544"},"modified":"2026-04-24T13:43:34","modified_gmt":"2026-04-24T12:43:34","slug":"asztalfoglalas","status":"publish","type":"product","link":"https:\/\/hungariancardexpo.hu\/en\/product\/asztalfoglalas\/","title":{"rendered":"Ki\u00e1ll\u00edt\u00f3i asztal"},"content":{"rendered":"<p><strong>Table Size<\/strong> :<br \/>\n180&#215;75 cm<br \/>\nEach table comes with a black fitted cover.<\/p>\n<p><strong>Accompanying persons:<\/strong><br \/>\nEach exhibitor may bring a limited number of accompanying persons. <em><strong>The number of accompanying persons is not dependent on the number of tables booked.<\/strong><\/em>One accompanying person may enter free of charge; any additional accompanying persons must pay 3,000 HUF each.<\/p>\n<p><strong>Esem\u00e9ny 2026.06.06. &#8211; 09:00- 16:00<br \/>\n<\/strong>Guest entry: from 10:00<br \/>\nVIP guest entry: from 09:00<\/p>\n<p><em>Carrying out any commercial activity outside the Expo area during the event is\u00a0<strong>STRICTLY PROHIBITED. <\/strong>Violations will result in immediate removal and a ban from the next event.\u00a0<\/em><\/p>\n<p>&nbsp;<\/p>","protected":false},"excerpt":{"rendered":"<p>Asztal m\u00e9rete : 180&#215;75 cm Minden asztal mell\u00e9 fekete gumis ter\u00edt\u0151t adunk. K\u00eds\u00e9r\u0151k: Minden ki\u00e1ll\u00edt\u00f3 meghat\u00e1rozott sz\u00e1m\u00fa k\u00eds\u00e9r\u0151t hozhat mag\u00e1val. A k\u00eds\u00e9r\u0151k sz\u00e1ma nem f\u00fcgg az asztalok sz\u00e1m\u00e1t\u00f3l. 1 f\u0151 k\u00eds\u00e9r\u0151 ingyenesen mehet a ki\u00e1ll\u00edt\u00f3val, ut\u00e1na 3.000 Ft\/ k\u00eds\u00e9r\u0151. Esem\u00e9ny 2026.06.06. &#8211; 09:00- 16:00 Vend\u00e9gek bel\u00e9p\u00e9se:\u00a010:00-t\u00f3l VIP vend\u00e9gek bel\u00e9p\u00e9se: 09:00- t\u00f3l Kereskedelmi tev\u00e9kenys\u00e9get az Expo [&hellip;]<\/p>\n","protected":false},"featured_media":4834,"comment_status":"closed","ping_status":"closed","template":"","meta":[],"product_brand":[],"product_cat":[28],"product_tag":[40],"class_list":{"0":"post-3544","1":"product","2":"type-product","3":"status-publish","4":"has-post-thumbnail","6":"product_cat-egyeb","7":"product_tag-kiallitoi-asztal","9":"first","10":"outofstock","11":"shipping-taxable","12":"purchasable","13":"product-type-simple"},"yoast_head":"<!-- This site is optimized with the Yoast SEO Premium plugin v27.4 (Yoast SEO v27.4) - https:\/\/yoast.com\/product\/yoast-seo-premium-wordpress\/ -->\n<title>Ki\u00e1ll\u00edt\u00f3i asztal - Hungarian Card Expo<\/title>\n<meta name=\"robots\" content=\"index, follow, max-snippet:-1, max-image-preview:large, max-video-preview:-1\" \/>\n<link rel=\"canonical\" href=\"https:\/\/hungariancardexpo.hu\/en\/product\/asztalfoglalas\/\" \/>\n<meta property=\"og:locale\" content=\"en_GB\" \/>\n<meta property=\"og:type\" content=\"article\" \/>\n<meta property=\"og:title\" content=\"Ki\u00e1ll\u00edt\u00f3i asztal\" \/>\n<meta property=\"og:description\" content=\"Asztal m\u00e9rete : 180&#215;75 cm Minden asztal mell\u00e9 fekete gumis ter\u00edt\u0151t adunk. K\u00eds\u00e9r\u0151k: Minden ki\u00e1ll\u00edt\u00f3 meghat\u00e1rozott sz\u00e1m\u00fa k\u00eds\u00e9r\u0151t hozhat mag\u00e1val. A k\u00eds\u00e9r\u0151k sz\u00e1ma nem f\u00fcgg az asztalok sz\u00e1m\u00e1t\u00f3l. 1 f\u0151 k\u00eds\u00e9r\u0151 ingyenesen mehet a ki\u00e1ll\u00edt\u00f3val, ut\u00e1na 3.000 Ft\/ k\u00eds\u00e9r\u0151. Esem\u00e9ny 2026.06.06. &#8211; 09:00- 16:00 Vend\u00e9gek bel\u00e9p\u00e9se:\u00a010:00-t\u00f3l VIP vend\u00e9gek bel\u00e9p\u00e9se: 09:00- t\u00f3l Kereskedelmi tev\u00e9kenys\u00e9get az Expo [&hellip;]\" \/>\n<meta property=\"og:url\" content=\"https:\/\/hungariancardexpo.hu\/en\/product\/asztalfoglalas\/\" \/>\n<meta property=\"og:site_name\" content=\"Hungarian Card Expo\" \/>\n<meta property=\"article:modified_time\" content=\"2026-04-24T12:43:34+00:00\" \/>\n<meta property=\"og:image\" content=\"https:\/\/hungariancardexpo.hu\/wp-content\/uploads\/2025\/03\/Untitled-design-18-1024x576.png\" \/>\n\t<meta property=\"og:image:width\" content=\"1024\" \/>\n\t<meta property=\"og:image:height\" content=\"576\" \/>\n\t<meta property=\"og:image:type\" content=\"image\/png\" \/>\n<meta name=\"twitter:card\" content=\"summary_large_image\" \/>\n<meta name=\"twitter:label1\" content=\"Estimated reading time\" \/>\n\t<meta name=\"twitter:data1\" content=\"1 minute\" \/>\n<script type=\"application\/ld+json\" class=\"yoast-schema-graph\">{\"@context\":\"https:\\\/\\\/schema.org\",\"@graph\":[{\"@type\":\"WebPage\",\"@id\":\"https:\\\/\\\/hungariancardexpo.hu\\\/termek\\\/asztalfoglalas\\\/\",\"url\":\"https:\\\/\\\/hungariancardexpo.hu\\\/termek\\\/asztalfoglalas\\\/\",\"name\":\"Ki\u00e1ll\u00edt\u00f3i asztal - Hungarian Card Expo\",\"isPartOf\":{\"@id\":\"https:\\\/\\\/hungariancardexpo.hu\\\/#website\"},\"primaryImageOfPage\":{\"@id\":\"https:\\\/\\\/hungariancardexpo.hu\\\/termek\\\/asztalfoglalas\\\/#primaryimage\"},\"image\":{\"@id\":\"https:\\\/\\\/hungariancardexpo.hu\\\/termek\\\/asztalfoglalas\\\/#primaryimage\"},\"thumbnailUrl\":\"https:\\\/\\\/hungariancardexpo.hu\\\/wp-content\\\/uploads\\\/2025\\\/03\\\/Untitled-design-18.png\",\"datePublished\":\"2025-03-03T09:08:29+00:00\",\"dateModified\":\"2026-04-24T12:43:34+00:00\",\"breadcrumb\":{\"@id\":\"https:\\\/\\\/hungariancardexpo.hu\\\/termek\\\/asztalfoglalas\\\/#breadcrumb\"},\"inLanguage\":\"en-GB\",\"potentialAction\":[{\"@type\":\"ReadAction\",\"target\":[\"https:\\\/\\\/hungariancardexpo.hu\\\/termek\\\/asztalfoglalas\\\/\"]}]},{\"@type\":\"ImageObject\",\"inLanguage\":\"en-GB\",\"@id\":\"https:\\\/\\\/hungariancardexpo.hu\\\/termek\\\/asztalfoglalas\\\/#primaryimage\",\"url\":\"https:\\\/\\\/hungariancardexpo.hu\\\/wp-content\\\/uploads\\\/2025\\\/03\\\/Untitled-design-18.png\",\"contentUrl\":\"https:\\\/\\\/hungariancardexpo.hu\\\/wp-content\\\/uploads\\\/2025\\\/03\\\/Untitled-design-18.png\",\"width\":2560,\"height\":1440},{\"@type\":\"BreadcrumbList\",\"@id\":\"https:\\\/\\\/hungariancardexpo.hu\\\/termek\\\/asztalfoglalas\\\/#breadcrumb\",\"itemListElement\":[{\"@type\":\"ListItem\",\"position\":1,\"name\":\"Home\",\"item\":\"https:\\\/\\\/hungariancardexpo.hu\\\/\"},{\"@type\":\"ListItem\",\"position\":2,\"name\":\"Shop\",\"item\":\"https:\\\/\\\/hungariancardexpo.hu\\\/uzlet\\\/\"},{\"@type\":\"ListItem\",\"position\":3,\"name\":\"Ki\u00e1ll\u00edt\u00f3i asztal\"}]},{\"@type\":\"WebSite\",\"@id\":\"https:\\\/\\\/hungariancardexpo.hu\\\/#website\",\"url\":\"https:\\\/\\\/hungariancardexpo.hu\\\/\",\"name\":\"Hungarian Card Expo\",\"description\":\"hungariancardexpo\",\"publisher\":{\"@id\":\"https:\\\/\\\/hungariancardexpo.hu\\\/#organization\"},\"potentialAction\":[{\"@type\":\"SearchAction\",\"target\":{\"@type\":\"EntryPoint\",\"urlTemplate\":\"https:\\\/\\\/hungariancardexpo.hu\\\/?s={search_term_string}\"},\"query-input\":{\"@type\":\"PropertyValueSpecification\",\"valueRequired\":true,\"valueName\":\"search_term_string\"}}],\"inLanguage\":\"en-GB\"},{\"@type\":\"Organization\",\"@id\":\"https:\\\/\\\/hungariancardexpo.hu\\\/#organization\",\"name\":\"Hungarian Card Expo\",\"url\":\"https:\\\/\\\/hungariancardexpo.hu\\\/\",\"logo\":{\"@type\":\"ImageObject\",\"inLanguage\":\"en-GB\",\"@id\":\"https:\\\/\\\/hungariancardexpo.hu\\\/#\\\/schema\\\/logo\\\/image\\\/\",\"url\":\"https:\\\/\\\/hungariancardexpo.hu\\\/wp-content\\\/uploads\\\/2023\\\/05\\\/favicon-1.png\",\"contentUrl\":\"https:\\\/\\\/hungariancardexpo.hu\\\/wp-content\\\/uploads\\\/2023\\\/05\\\/favicon-1.png\",\"width\":100,\"height\":100,\"caption\":\"Hungarian Card Expo\"},\"image\":{\"@id\":\"https:\\\/\\\/hungariancardexpo.hu\\\/#\\\/schema\\\/logo\\\/image\\\/\"}}]}<\/script>\n<!-- \/ Yoast SEO Premium plugin. -->","yoast_head_json":{"title":"Ki\u00e1ll\u00edt\u00f3i asztal - Hungarian Card Expo","robots":{"index":"index","follow":"follow","max-snippet":"max-snippet:-1","max-image-preview":"max-image-preview:large","max-video-preview":"max-video-preview:-1"},"canonical":"https:\/\/hungariancardexpo.hu\/en\/product\/asztalfoglalas\/","og_locale":"en_GB","og_type":"article","og_title":"Ki\u00e1ll\u00edt\u00f3i asztal","og_description":"Asztal m\u00e9rete : 180&#215;75 cm Minden asztal mell\u00e9 fekete gumis ter\u00edt\u0151t adunk. K\u00eds\u00e9r\u0151k: Minden ki\u00e1ll\u00edt\u00f3 meghat\u00e1rozott sz\u00e1m\u00fa k\u00eds\u00e9r\u0151t hozhat mag\u00e1val. A k\u00eds\u00e9r\u0151k sz\u00e1ma nem f\u00fcgg az asztalok sz\u00e1m\u00e1t\u00f3l. 1 f\u0151 k\u00eds\u00e9r\u0151 ingyenesen mehet a ki\u00e1ll\u00edt\u00f3val, ut\u00e1na 3.000 Ft\/ k\u00eds\u00e9r\u0151. Esem\u00e9ny 2026.06.06. &#8211; 09:00- 16:00 Vend\u00e9gek bel\u00e9p\u00e9se:\u00a010:00-t\u00f3l VIP vend\u00e9gek bel\u00e9p\u00e9se: 09:00- t\u00f3l Kereskedelmi tev\u00e9kenys\u00e9get az Expo [&hellip;]","og_url":"https:\/\/hungariancardexpo.hu\/en\/product\/asztalfoglalas\/","og_site_name":"Hungarian Card Expo","article_modified_time":"2026-04-24T12:43:34+00:00","og_image":[{"width":1024,"height":576,"url":"https:\/\/hungariancardexpo.hu\/wp-content\/uploads\/2025\/03\/Untitled-design-18-1024x576.png","type":"image\/png"}],"twitter_card":"summary_large_image","twitter_misc":{"Estimated reading time":"1 minute"},"schema":{"@context":"https:\/\/schema.org","@graph":[{"@type":"WebPage","@id":"https:\/\/hungariancardexpo.hu\/termek\/asztalfoglalas\/","url":"https:\/\/hungariancardexpo.hu\/termek\/asztalfoglalas\/","name":"Ki\u00e1ll\u00edt\u00f3i asztal - Hungarian Card Expo","isPartOf":{"@id":"https:\/\/hungariancardexpo.hu\/#website"},"primaryImageOfPage":{"@id":"https:\/\/hungariancardexpo.hu\/termek\/asztalfoglalas\/#primaryimage"},"image":{"@id":"https:\/\/hungariancardexpo.hu\/termek\/asztalfoglalas\/#primaryimage"},"thumbnailUrl":"https:\/\/hungariancardexpo.hu\/wp-content\/uploads\/2025\/03\/Untitled-design-18.png","datePublished":"2025-03-03T09:08:29+00:00","dateModified":"2026-04-24T12:43:34+00:00","breadcrumb":{"@id":"https:\/\/hungariancardexpo.hu\/termek\/asztalfoglalas\/#breadcrumb"},"inLanguage":"en-GB","potentialAction":[{"@type":"ReadAction","target":["https:\/\/hungariancardexpo.hu\/termek\/asztalfoglalas\/"]}]},{"@type":"ImageObject","inLanguage":"en-GB","@id":"https:\/\/hungariancardexpo.hu\/termek\/asztalfoglalas\/#primaryimage","url":"https:\/\/hungariancardexpo.hu\/wp-content\/uploads\/2025\/03\/Untitled-design-18.png","contentUrl":"https:\/\/hungariancardexpo.hu\/wp-content\/uploads\/2025\/03\/Untitled-design-18.png","width":2560,"height":1440},{"@type":"BreadcrumbList","@id":"https:\/\/hungariancardexpo.hu\/termek\/asztalfoglalas\/#breadcrumb","itemListElement":[{"@type":"ListItem","position":1,"name":"Home","item":"https:\/\/hungariancardexpo.hu\/"},{"@type":"ListItem","position":2,"name":"Shop","item":"https:\/\/hungariancardexpo.hu\/uzlet\/"},{"@type":"ListItem","position":3,"name":"Ki\u00e1ll\u00edt\u00f3i asztal"}]},{"@type":"WebSite","@id":"https:\/\/hungariancardexpo.hu\/#website","url":"https:\/\/hungariancardexpo.hu\/","name":"The Hungarian Card Expo","description":"hungariancardexpo","publisher":{"@id":"https:\/\/hungariancardexpo.hu\/#organization"},"potentialAction":[{"@type":"SearchAction","target":{"@type":"EntryPoint","urlTemplate":"https:\/\/hungariancardexpo.hu\/?s={search_term_string}"},"query-input":{"@type":"PropertyValueSpecification","valueRequired":true,"valueName":"search_term_string"}}],"inLanguage":"en-GB"},{"@type":"Organization","@id":"https:\/\/hungariancardexpo.hu\/#organization","name":"The Hungarian Card Expo","url":"https:\/\/hungariancardexpo.hu\/","logo":{"@type":"ImageObject","inLanguage":"en-GB","@id":"https:\/\/hungariancardexpo.hu\/#\/schema\/logo\/image\/","url":"https:\/\/hungariancardexpo.hu\/wp-content\/uploads\/2023\/05\/favicon-1.png","contentUrl":"https:\/\/hungariancardexpo.hu\/wp-content\/uploads\/2023\/05\/favicon-1.png","width":100,"height":100,"caption":"Hungarian Card Expo"},"image":{"@id":"https:\/\/hungariancardexpo.hu\/#\/schema\/logo\/image\/"}}]}},"_links":{"self":[{"href":"https:\/\/hungariancardexpo.hu\/en\/wp-json\/wp\/v2\/product\/3544","targetHints":{"allow":["GET"]}}],"collection":[{"href":"https:\/\/hungariancardexpo.hu\/en\/wp-json\/wp\/v2\/product"}],"about":[{"href":"https:\/\/hungariancardexpo.hu\/en\/wp-json\/wp\/v2\/types\/product"}],"replies":[{"embeddable":true,"href":"https:\/\/hungariancardexpo.hu\/en\/wp-json\/wp\/v2\/comments?post=3544"}],"wp:featuredmedia":[{"embeddable":true,"href":"https:\/\/hungariancardexpo.hu\/en\/wp-json\/wp\/v2\/media\/4834"}],"wp:attachment":[{"href":"https:\/\/hungariancardexpo.hu\/en\/wp-json\/wp\/v2\/media?parent=3544"}],"wp:term":[{"taxonomy":"product_brand","embeddable":true,"href":"https:\/\/hungariancardexpo.hu\/en\/wp-json\/wp\/v2\/product_brand?post=3544"},{"taxonomy":"product_cat","embeddable":true,"href":"https:\/\/hungariancardexpo.hu\/en\/wp-json\/wp\/v2\/product_cat?post=3544"},{"taxonomy":"product_tag","embeddable":true,"href":"https:\/\/hungariancardexpo.hu\/en\/wp-json\/wp\/v2\/product_tag?post=3544"}],"curies":[{"name":"wp","href":"https:\/\/api.w.org\/{rel}","templated":true}]}}