{"id":3766,"date":"2025-05-30T08:49:13","date_gmt":"2025-05-30T07:49:13","guid":{"rendered":"https:\/\/hungariancardexpo.hu\/?page_id=3766"},"modified":"2025-09-08T17:45:34","modified_gmt":"2025-09-08T16:45:34","slug":"aszf","status":"publish","type":"page","link":"https:\/\/hungariancardexpo.hu\/en\/aszf\/","title":{"rendered":"\u00c1LTAL\u00c1NOS SZERZ\u0150D\u00c9SI FELT\u00c9TELEK (\u00c1SZF)"},"content":{"rendered":"<div data-elementor-type=\"wp-page\" data-elementor-id=\"3766\" class=\"elementor elementor-3766\" data-elementor-post-type=\"page\">\n\t\t\t\t\t\t<section class=\"elementor-section elementor-top-section elementor-element elementor-element-64ce6369 elementor-section-boxed elementor-section-height-default elementor-section-height-default\" data-id=\"64ce6369\" data-element_type=\"section\" data-e-type=\"section\">\n\t\t\t\t\t\t<div class=\"elementor-container elementor-column-gap-default\">\n\t\t\t\t\t<div class=\"elementor-column elementor-col-100 elementor-top-column elementor-element elementor-element-761f16fe\" data-id=\"761f16fe\" data-element_type=\"column\" data-e-type=\"column\">\n\t\t\t<div class=\"elementor-widget-wrap elementor-element-populated\">\n\t\t\t\t\t\t<div class=\"elementor-element elementor-element-4afd5ca5 elementor-widget elementor-widget-text-editor\" data-id=\"4afd5ca5\" data-element_type=\"widget\" data-e-type=\"widget\" data-widget_type=\"text-editor.default\">\n\t\t\t\t<div class=\"elementor-widget-container\">\n\t\t\t\t\t\t\t\t\t\n<p>\u00a0<\/p>\n<hr class=\"wp-block-separator has-alpha-channel-opacity\" \/>\n<h1 id=\"h-hungarian-card-expo-kiallitok-reszere\" class=\"wp-block-heading\"><strong>Hungarian Card Expo \u2013 Ki\u00e1ll\u00edt\u00f3k r\u00e9sz\u00e9re<\/strong><\/h1>\n\n<p>\u00a0<\/p>\n\n<p>Hat\u00e1lyos: 2025. 07. 22-t\u0151l visszavon\u00e1sig<br \/>Kiad\u00f3: Hungarian Card Expo Szervez\u0151i (a tov\u00e1bbiakban: \u201eSzervez\u0151\u201d)<\/p>\n\n<h2 id=\"h-1-altalanos-rendelkezesek\" class=\"wp-block-heading\">1. \u00c1ltal\u00e1nos rendelkez\u00e9sek<\/h2>\n\n<p>1.1. Jelen \u00c1ltal\u00e1nos Szerz\u0151d\u00e9si Felt\u00e9telek (\u00c1SZF) szab\u00e1lyozz\u00e1k a <strong>The Hungarian Card Expo<\/strong> (a tov\u00e1bbiakban: Rendezv\u00e9ny) keret\u00e9ben a <strong>ki\u00e1ll\u00edt\u00f3k \u00e1ltal t\u00f6rt\u00e9n\u0151 asztalfoglal\u00e1s \u00e9s r\u00e9szv\u00e9tel<\/strong> felt\u00e9teleit.<\/p>\n\n<p>1.2. Az \u00c1SZF hat\u00e1lya kiterjed minden olyan term\u00e9szetes vagy jogi szem\u00e9lyre, aki a Rendezv\u00e9nyen ki\u00e1ll\u00edt\u00f3k\u00e9nt r\u00e9szt vesz, asztalt foglal, \u00e9s\/vagy a Szervez\u0151 szolg\u00e1ltat\u00e1sait ig\u00e9nybe veszi.<\/p>\n\n<p>1.3. A ki\u00e1ll\u00edt\u00f3 a jelentkez\u00e9s\/foglal\u00e1s v\u00e9gleges\u00edt\u00e9s\u00e9vel elismeri, hogy a jelen \u00c1SZF-et megismerte, annak tartalm\u00e1t elfogadja, \u00e9s mag\u00e1ra n\u00e9zve k\u00f6telez\u0151nek ismeri el.<\/p>\n\n<p>1.4 A ki\u00e1ll\u00edt\u00f3 az asztalfoglal\u00e1ssal elismeri, hogy a rendezv\u00e9nyen t\u00f6rv\u00e9nyesen v\u00e9gezhet kereskedelmi tev\u00e9kenys\u00e9get.<\/p>\n\n<p>1.5 Az asztalfoglal\u00e1sr\u00f3l ki\u00e1ll\u00edtott sz\u00e1mla a helyb\u00e9rleti szerz\u0151d\u00e9st hivatott kiv\u00e1ltani.<\/p>\n\n<p>\u00a0<\/p>\n\n<h2 id=\"h-2-a-szolgaltatas-targya\" class=\"wp-block-heading\">2. A szolg\u00e1ltat\u00e1s t\u00e1rgya<\/h2>\n\n<p>2.1. A Szervez\u0151 lehet\u0151s\u00e9get biztos\u00edt a Rendezv\u00e9nyen t\u00f6rt\u00e9n\u0151 megjelen\u00e9sre, ki\u00e1ll\u00edt\u00e1sra \u00e9s \u00e9rt\u00e9kes\u00edt\u00e9sre a Ki\u00e1ll\u00edt\u00f3k sz\u00e1m\u00e1ra, akik ennek \u00e9rdek\u00e9ben asztalt foglalhatnak.<\/p>\n\n<p>2.2. Az asztal b\u00e9rleti d\u00edja: <strong>15.000 Ft \/ asztal<\/strong>, amely \u00f6sszeg tartalmazza az asztal helysz\u00edni biztos\u00edt\u00e1s\u00e1t a Rendezv\u00e9ny teljes id\u0151tartam\u00e1ra.<\/p>\n\n<p><strong>K\u00eds\u00e9r\u0151k r\u00e9szv\u00e9tele<\/strong><br \/>A Hungarian Card Expo rendezv\u00e9nyre t\u00f6rt\u00e9n\u0151 asztalfoglal\u00e1s mag\u00e1ban foglalja a ki\u00e1ll\u00edt\u00f3 szem\u00e9ly r\u00e9szv\u00e9tel\u00e9t, valamint legfeljebb 1 f\u0151 k\u00eds\u00e9r\u0151 d\u00edjmentes bel\u00e9p\u00e9s\u00e9t. Tov\u00e1bbi k\u00eds\u00e9r\u0151k kiz\u00e1r\u00f3lag t\u00e9r\u00edt\u00e9s ellen\u00e9ben vehetnek r\u00e9szt az esem\u00e9nyen, az al\u00e1bbi felt\u00e9telekkel:<\/p>\n\n<p><strong>1 f\u0151 k\u00eds\u00e9r\u0151: d\u00edjmentes<\/strong><\/p>\n\n<p><strong>2 f\u0151 k\u00eds\u00e9r\u0151: +3.000 Ft<\/strong><\/p>\n\n<p><strong>Minden tov\u00e1bbi k\u00eds\u00e9r\u0151: +3.000 Ft \/ f\u0151<\/strong><\/p>\n\n<p>A k\u00eds\u00e9r\u0151k sz\u00e1m\u00e1t a v\u00e1s\u00e1rl\u00e1s sor\u00e1n kell megadni, \u00e9s a fizetend\u0151 v\u00e9g\u00f6sszeg automatikusan m\u00f3dosul a kiv\u00e1lasztott opci\u00f3knak megfelel\u0151en. A rendezv\u00e9ny helysz\u00edn\u00e9re kiz\u00e1r\u00f3lag a regisztr\u00e1lt \u00e9s visszaigazolt k\u00eds\u00e9r\u0151k l\u00e9phetnek be. A bel\u00e9p\u00e9skor a szem\u00e9lyazonoss\u00e1g ellen\u0151rz\u00e9se t\u00f6rt\u00e9nhet.<\/p>\n\n<h2 id=\"h-3-fizetesi-feltetelek\" class=\"wp-block-heading\">3. Fizet\u00e9si felt\u00e9telek<\/h2>\n\n<p>3.1. A foglal\u00e1s kiz\u00e1r\u00f3lag <strong>online bankk\u00e1rty\u00e1s fizet\u00e9ssel<\/strong> teljes\u00edthet\u0151.<br \/>3.2. A fizet\u00e9s a foglal\u00e1si fel\u00fcleten kereszt\u00fcl, a Szervez\u0151 \u00e1ltal biztos\u00edtott rendszerben t\u00f6rt\u00e9nik.<br \/>3.3. A fizet\u00e9s sikeres teljes\u00edt\u00e9s\u00e9vel v\u00e1lik a foglal\u00e1s \u00e9rv\u00e9nyess\u00e9.<br \/>3.4. A Szervez\u0151 sz\u00e1ml\u00e1t bocs\u00e1t ki a Ki\u00e1ll\u00edt\u00f3 r\u00e9sz\u00e9re a befizetett \u00f6sszegr\u0151l.<\/p>\n\n<h2 id=\"h-4-lemondas-visszalepes\" class=\"wp-block-heading\">4. Lemond\u00e1s, visszal\u00e9p\u00e9s<\/h2>\n\n<p>4.1. <strong>A foglal\u00e1s lemond\u00e1sa eset\u00e9n p\u00e9nzvisszat\u00e9r\u00edt\u00e9sre nincs lehet\u0151s\u00e9g.<\/strong><\/p>\n\n<p>4.2. A Ki\u00e1ll\u00edt\u00f3 tudom\u00e1sul veszi, hogy a r\u00e9szv\u00e9tel visszamond\u00e1sa eset\u00e9n a befizetett \u00f6sszeg nem ker\u00fcl visszat\u00e9r\u00edt\u00e9sre semmilyen indokra val\u00f3 hivatkoz\u00e1ssal.<\/p>\n\n<p>4.3. <strong>A Ki\u00e1ll\u00edt\u00f3 visszamond\u00e1s eset\u00e9n az \u00e1ltala lefoglalt asztalt nem adhatja \u00e1t m\u00e1snak.<\/strong> A lemond\u00e1st minden esetben jelezni kell az info@hungariancardexpo.hu e-mail c\u00edmre.<\/p>\n\n<p>\u00a0<\/p>\n\n<p>\u00a0<\/p>\n\n<h2 id=\"h-5-a-rendezveny-lebonyolitasa\" class=\"wp-block-heading\">5. A Rendezv\u00e9ny lebonyol\u00edt\u00e1sa<\/h2>\n\n<p>5.1. A Ki\u00e1ll\u00edt\u00f3 k\u00f6teles a Rendezv\u00e9ny hivatalos nyitvatart\u00e1si ideje alatt az asztal\u00e1n\u00e1l tart\u00f3zkodni \u00e9s tev\u00e9kenys\u00e9g\u00e9t v\u00e9gezni.<\/p>\n\n<p>5.2. A Ki\u00e1ll\u00edt\u00f3 k\u00f6teles a Rendezv\u00e9ny kezdete el\u0151tt legal\u00e1bb 1 \u00f3r\u00e1val a helysz\u00ednen megjelenni, az asztal\u00e1t elfoglalni \u00e9s el\u0151k\u00e9sz\u00fcleteit befejezni.<\/p>\n\n<p>5.3. A Rendezv\u00e9ny befejez\u00e9se ut\u00e1n a Ki\u00e1ll\u00edt\u00f3 k\u00f6teles saj\u00e1t ter\u00fclet\u00e9t marad\u00e9ktalanul rendbe hozni, az eszk\u00f6zeit elsz\u00e1ll\u00edtani, hullad\u00e9kot eltakar\u00edtani.<\/p>\n\n<h2 id=\"h-6-felelosseg-es-kockazat\" class=\"wp-block-heading\">6. Felel\u0151ss\u00e9g \u00e9s kock\u00e1zat<\/h2>\n\n<p>6.1. <strong>A Szervez\u0151 nem v\u00e1llal semmif\u00e9le felel\u0151ss\u00e9get lop\u00e1s, rong\u00e1l\u00e1s, elt\u0171n\u00e9s vagy b\u00e1rmilyen anyagi k\u00e1r eset\u00e9n.<\/strong><\/p>\n\n<p>6.2. A Ki\u00e1ll\u00edt\u00f3 felel\u0151ss\u00e9ge a saj\u00e1t tulajdon\u00e1ban \u00e1ll\u00f3 eszk\u00f6z\u00f6k, \u00e1ruk, \u00e9rt\u00e9kt\u00e1rgyak \u0151rz\u00e9se.<br \/>6.3. A Ki\u00e1ll\u00edt\u00f3 k\u00f6teles gondoskodni az \u00e9rt\u00e9kmeg\u0151rz\u00e9sr\u0151l, biztons\u00e1gr\u00f3l (pl. pult alatti t\u00e1rol\u00e1s, kamer\u00e1z\u00e1s, biztos\u00edt\u00e1s ig\u00e9nybev\u00e9tele stb.).<\/p>\n\n<h2 id=\"h-7-magatartasi-szabalyok-hazirend\" class=\"wp-block-heading\">7. Magatart\u00e1si szab\u00e1lyok, h\u00e1zirend<\/h2>\n\n<p>7.1. A Ki\u00e1ll\u00edt\u00f3k k\u00f6telesek betartani a Rendezv\u00e9ny h\u00e1zirendj\u00e9t, valamint a helysz\u00ednt biztos\u00edt\u00f3 int\u00e9zm\u00e9ny szab\u00e1lyzatait.<\/p>\n\n<p>7.2. Tilos:<\/p>\n\n<ul class=\"wp-block-list\">\n<li>hangos zen\u00e9t lej\u00e1tszani m\u00e1s ki\u00e1ll\u00edt\u00f3k zavar\u00e1sa n\u00e9lk\u00fcl,<\/li>\n\n<li>nem enged\u00e9lyezett prom\u00f3ci\u00f3s tev\u00e9kenys\u00e9get v\u00e9gezni,<\/li>\n\n<li>politikai, vall\u00e1si, gy\u0171l\u00f6letkelt\u0151 vagy obszc\u00e9n tartalmat megjelen\u00edteni.<\/li>\n<\/ul>\n\n<p><strong>Rendezv\u00e9nyen k\u00edv\u00fcli kereskedelem: A ki\u00e1ll\u00edt\u00f3k a rendezv\u00e9ny napj\u00e1n csak a ki\u00e1ll\u00edt\u00f3i hely\u00fck\u00f6n folytathatnak kereskedelmi tev\u00e9kenys\u00e9get. Elad\u00e1sra sz\u00e1nt \u00e1rut a rendezv\u00e9nyen k\u00edv\u00fclre csak az esem\u00e9ny v\u00e9gezt\u00e9vel vihet. A bel\u00e9p\u0151t nem v\u00e1s\u00e1rolt l\u00e1togat\u00f3knak elad\u00e1sra sz\u00e1nt \u00e1rut kivinni TILOS!<\/strong><\/p>\n<p>7.3. A ki\u00e1ll\u00edt\u00f3 a meghat\u00e1rozott asztal tematik\u00e1t, sorrendet \u00e9s \u201c\u00fcltet\u00e9si\u201d rendet \u00f6nk\u00e9nyesen megvaltoztatni \u00a0nem v\u00e1ltoztathatja.\u00a0<\/p>\n\n<ul>\n<li>7.4. <strong>A h\u00e1zirend megszeg\u00e9se eset\u00e9n a Szervez\u0151 jogosult a Ki\u00e1ll\u00edt\u00f3 r\u00e9szv\u00e9tel\u00e9t azonnali hat\u00e1llyal megsz\u00fcntetni<\/strong>, a ki\u00e1ll\u00edt\u00f3helyt\u0151l eltiltani. Ez esetben a r\u00e9szv\u00e9teli d\u00edj nem ker\u00fcl visszat\u00e9r\u00edt\u00e9sre.<\/li>\n<\/ul>\n\n<h2 id=\"h-8-adatvedelem\" class=\"wp-block-heading\">8. Adatv\u00e9delem<\/h2>\n\n<p>8.1. A Ki\u00e1ll\u00edt\u00f3 hozz\u00e1j\u00e1rul, hogy a Szervez\u0151 az asztalfoglal\u00e1s \u00e9s a r\u00e9szv\u00e9tel lebonyol\u00edt\u00e1sa c\u00e9lj\u00e1b\u00f3l kezelje a szem\u00e9lyes adatait.<\/p>\n\n<p>8.2. Az adatkezel\u00e9s a hat\u00e1lyos adatv\u00e9delmi jogszab\u00e1lyoknak megfelel\u0151en t\u00f6rt\u00e9nik (k\u00fcl\u00f6n\u00f6s tekintettel az Eur\u00f3pai Uni\u00f3 GDPR-rendelet\u00e9re).<\/p>\n\n<p>8.3. A Szervez\u0151 nem adja ki az adatokat harmadik f\u00e9lnek, kiv\u00e9ve jogszab\u00e1lyi k\u00f6telezetts\u00e9g eset\u00e9n.<\/p>\n\n<h2 id=\"h-9-vis-maior\" class=\"wp-block-heading\">9. Vis maior<\/h2>\n\n<p>9.1. A Szervez\u0151 nem tehet\u0151 felel\u0151ss\u00e9, ha a Rendezv\u00e9ny elmarad vagy m\u00f3dosul vis maior esem\u00e9ny (pl. j\u00e1rv\u00e1ny, term\u00e9szeti katasztr\u00f3fa, hat\u00f3s\u00e1gi korl\u00e1toz\u00e1s, h\u00e1bor\u00fa stb.) k\u00f6vetkezt\u00e9ben.<\/p>\n\n<p>9.2. Ebben az esetben a Szervez\u0151 lehet\u0151s\u00e9geihez m\u00e9rten \u00faj id\u0151pontot jel\u00f6l ki, \u00e9s a befizetett d\u00edjat \u00e1tvezeti arra az esem\u00e9nyre.<\/p>\n\n<h2 id=\"h-10-szerzodesszeges-kizaras\" class=\"wp-block-heading\">10. Szerz\u0151d\u00e9sszeg\u00e9s, kiz\u00e1r\u00e1s<\/h2>\n\n<p>10.1. A jelen \u00c1SZF megs\u00e9rt\u00e9se szerz\u0151d\u00e9sszeg\u00e9snek min\u0151s\u00fcl.<br \/>10.2. A Szervez\u0151 jogosult a Ki\u00e1ll\u00edt\u00f3t kiz\u00e1rni a Rendezv\u00e9nyb\u0151l, ha annak magatart\u00e1sa vesz\u00e9lyezteti m\u00e1s r\u00e9sztvev\u0151k biztons\u00e1g\u00e1t vagy j\u00f3 h\u00edrnev\u00e9t.<\/p>\n\n<h2 id=\"h-11-jogvitak\" class=\"wp-block-heading\">11. Jogvit\u00e1k<\/h2>\n\n<p>11.1. A felek t\u00f6rekednek minden vit\u00e1s k\u00e9rd\u00e9st b\u00e9k\u00e9s \u00faton rendezni.<br \/>11.2. Amennyiben ez nem vezet eredm\u00e9nyre, \u00fagy a vit\u00e1t a Szervez\u0151 sz\u00e9khelye szerinti illet\u00e9kes b\u00edr\u00f3s\u00e1g jogosult eld\u00f6nteni.<\/p>\n\n<h2 id=\"h-12-zaro-rendelkezesek\" class=\"wp-block-heading\">12. Z\u00e1r\u00f3 rendelkez\u00e9sek<\/h2>\n\n<p>12.1. A Szervez\u0151 fenntartja a jogot, hogy jelen \u00c1SZF-et egyoldal\u00faan m\u00f3dos\u00edtsa.<br \/>12.2. A mindenkor hat\u00e1lyos \u00c1SZF el\u00e9rhet\u0151 a Rendezv\u00e9ny hivatalos online fel\u00fclet\u00e9n.<br \/>12.3. Jelen dokumentum elfogad\u00e1s\u00e1val a Ki\u00e1ll\u00edt\u00f3 kijelenti, hogy az \u00c1SZF minden pontj\u00e1t elolvasta, meg\u00e9rtette \u00e9s elfogadta.<\/p>\n<hr class=\"wp-block-separator has-alpha-channel-opacity\" \/>\n<p><strong>CONTACT<\/strong><br \/>Hungarian Card Expo \u2013 Szervez\u0151i Csoport<br \/>E-mail: <a href=\"mailto:info@hungariancardexpo.hu\">info@hungariancardexpo.hu<\/a><br \/>Web: <a href=\"https:\/\/hungariancardexpo.hu\/en\/\">www.hungariancardexpo.hu<\/a><\/p>\n<hr class=\"wp-block-separator has-alpha-channel-opacity\" \/>\n<p>\u00a0<\/p>\n\n<p>\u00a0<\/p>\n\n<p>\u00a0<\/p>\n\t\t\t\t\t\t\t\t<\/div>\n\t\t\t\t<\/div>\n\t\t\t\t\t<\/div>\n\t\t<\/div>\n\t\t\t\t\t<\/div>\n\t\t<\/section>\n\t\t\t\t<\/div>","protected":false},"excerpt":{"rendered":"<p>\u00a0 Hungarian Card Expo \u2013 Ki\u00e1ll\u00edt\u00f3k r\u00e9sz\u00e9re \u00a0 Hat\u00e1lyos: 2025. 07. 22-t\u0151l visszavon\u00e1sigKiad\u00f3: Hungarian Card Expo Szervez\u0151i (a tov\u00e1bbiakban: \u201eSzervez\u0151\u201d) 1. \u00c1ltal\u00e1nos rendelkez\u00e9sek 1.1. Jelen \u00c1ltal\u00e1nos Szerz\u0151d\u00e9si Felt\u00e9telek (\u00c1SZF) szab\u00e1lyozz\u00e1k a Hungarian Card Expo (a tov\u00e1bbiakban: Rendezv\u00e9ny) keret\u00e9ben a ki\u00e1ll\u00edt\u00f3k \u00e1ltal t\u00f6rt\u00e9n\u0151 asztalfoglal\u00e1s \u00e9s r\u00e9szv\u00e9tel felt\u00e9teleit. 1.2. Az \u00c1SZF hat\u00e1lya kiterjed minden olyan term\u00e9szetes vagy [&hellip;]<\/p>\n","protected":false},"author":1,"featured_media":0,"parent":0,"menu_order":0,"comment_status":"closed","ping_status":"closed","template":"","meta":{"footnotes":""},"class_list":["post-3766","page","type-page","status-publish","hentry"],"yoast_head":"<!-- This site is optimized with the Yoast SEO Premium plugin v27.3 (Yoast SEO v27.3) - https:\/\/yoast.com\/product\/yoast-seo-premium-wordpress\/ -->\n<title>\u00c1LTAL\u00c1NOS SZERZ\u0150D\u00c9SI FELT\u00c9TELEK (\u00c1SZF) - Hungarian Card Expo<\/title>\n<meta name=\"robots\" content=\"index, follow, max-snippet:-1, max-image-preview:large, max-video-preview:-1\" \/>\n<link rel=\"canonical\" href=\"https:\/\/hungariancardexpo.hu\/en\/aszf\/\" \/>\n<meta property=\"og:locale\" content=\"en_GB\" \/>\n<meta property=\"og:type\" content=\"article\" \/>\n<meta property=\"og:title\" content=\"\u00c1LTAL\u00c1NOS SZERZ\u0150D\u00c9SI FELT\u00c9TELEK (\u00c1SZF)\" \/>\n<meta property=\"og:description\" content=\"\u00a0 Hungarian Card Expo \u2013 Ki\u00e1ll\u00edt\u00f3k r\u00e9sz\u00e9re \u00a0 Hat\u00e1lyos: 2025. 07. 22-t\u0151l visszavon\u00e1sigKiad\u00f3: Hungarian Card Expo Szervez\u0151i (a tov\u00e1bbiakban: \u201eSzervez\u0151\u201d) 1. \u00c1ltal\u00e1nos rendelkez\u00e9sek 1.1. Jelen \u00c1ltal\u00e1nos Szerz\u0151d\u00e9si Felt\u00e9telek (\u00c1SZF) szab\u00e1lyozz\u00e1k a Hungarian Card Expo (a tov\u00e1bbiakban: Rendezv\u00e9ny) keret\u00e9ben a ki\u00e1ll\u00edt\u00f3k \u00e1ltal t\u00f6rt\u00e9n\u0151 asztalfoglal\u00e1s \u00e9s r\u00e9szv\u00e9tel felt\u00e9teleit. 1.2. Az \u00c1SZF hat\u00e1lya kiterjed minden olyan term\u00e9szetes vagy [&hellip;]\" \/>\n<meta property=\"og:url\" content=\"https:\/\/hungariancardexpo.hu\/en\/aszf\/\" \/>\n<meta property=\"og:site_name\" content=\"Hungarian Card Expo\" \/>\n<meta property=\"article:modified_time\" content=\"2025-09-08T16:45:34+00:00\" \/>\n<meta name=\"twitter:card\" content=\"summary_large_image\" \/>\n<meta name=\"twitter:label1\" content=\"Estimated reading time\" \/>\n\t<meta name=\"twitter:data1\" content=\"5 minutes\" \/>\n<script type=\"application\/ld+json\" class=\"yoast-schema-graph\">{\"@context\":\"https:\\\/\\\/schema.org\",\"@graph\":[{\"@type\":\"WebPage\",\"@id\":\"https:\\\/\\\/hungariancardexpo.hu\\\/aszf\\\/\",\"url\":\"https:\\\/\\\/hungariancardexpo.hu\\\/aszf\\\/\",\"name\":\"\u00c1LTAL\u00c1NOS SZERZ\u0150D\u00c9SI FELT\u00c9TELEK (\u00c1SZF) - Hungarian Card Expo\",\"isPartOf\":{\"@id\":\"https:\\\/\\\/hungariancardexpo.hu\\\/#website\"},\"datePublished\":\"2025-05-30T07:49:13+00:00\",\"dateModified\":\"2025-09-08T16:45:34+00:00\",\"breadcrumb\":{\"@id\":\"https:\\\/\\\/hungariancardexpo.hu\\\/aszf\\\/#breadcrumb\"},\"inLanguage\":\"en-GB\",\"potentialAction\":[{\"@type\":\"ReadAction\",\"target\":[\"https:\\\/\\\/hungariancardexpo.hu\\\/aszf\\\/\"]}]},{\"@type\":\"BreadcrumbList\",\"@id\":\"https:\\\/\\\/hungariancardexpo.hu\\\/aszf\\\/#breadcrumb\",\"itemListElement\":[{\"@type\":\"ListItem\",\"position\":1,\"name\":\"Home\",\"item\":\"https:\\\/\\\/hungariancardexpo.hu\\\/\"},{\"@type\":\"ListItem\",\"position\":2,\"name\":\"\u00c1LTAL\u00c1NOS SZERZ\u0150D\u00c9SI FELT\u00c9TELEK (\u00c1SZF)\"}]},{\"@type\":\"WebSite\",\"@id\":\"https:\\\/\\\/hungariancardexpo.hu\\\/#website\",\"url\":\"https:\\\/\\\/hungariancardexpo.hu\\\/\",\"name\":\"Hungarian Card Expo\",\"description\":\"hungariancardexpo\",\"publisher\":{\"@id\":\"https:\\\/\\\/hungariancardexpo.hu\\\/#organization\"},\"potentialAction\":[{\"@type\":\"SearchAction\",\"target\":{\"@type\":\"EntryPoint\",\"urlTemplate\":\"https:\\\/\\\/hungariancardexpo.hu\\\/?s={search_term_string}\"},\"query-input\":{\"@type\":\"PropertyValueSpecification\",\"valueRequired\":true,\"valueName\":\"search_term_string\"}}],\"inLanguage\":\"en-GB\"},{\"@type\":\"Organization\",\"@id\":\"https:\\\/\\\/hungariancardexpo.hu\\\/#organization\",\"name\":\"Hungarian Card Expo\",\"url\":\"https:\\\/\\\/hungariancardexpo.hu\\\/\",\"logo\":{\"@type\":\"ImageObject\",\"inLanguage\":\"en-GB\",\"@id\":\"https:\\\/\\\/hungariancardexpo.hu\\\/#\\\/schema\\\/logo\\\/image\\\/\",\"url\":\"https:\\\/\\\/hungariancardexpo.hu\\\/wp-content\\\/uploads\\\/2023\\\/05\\\/favicon-1.png\",\"contentUrl\":\"https:\\\/\\\/hungariancardexpo.hu\\\/wp-content\\\/uploads\\\/2023\\\/05\\\/favicon-1.png\",\"width\":100,\"height\":100,\"caption\":\"Hungarian Card Expo\"},\"image\":{\"@id\":\"https:\\\/\\\/hungariancardexpo.hu\\\/#\\\/schema\\\/logo\\\/image\\\/\"}}]}<\/script>\n<!-- \/ Yoast SEO Premium plugin. -->","yoast_head_json":{"title":"\u00c1LTAL\u00c1NOS SZERZ\u0150D\u00c9SI FELT\u00c9TELEK (\u00c1SZF) - Hungarian Card Expo","robots":{"index":"index","follow":"follow","max-snippet":"max-snippet:-1","max-image-preview":"max-image-preview:large","max-video-preview":"max-video-preview:-1"},"canonical":"https:\/\/hungariancardexpo.hu\/en\/aszf\/","og_locale":"en_GB","og_type":"article","og_title":"\u00c1LTAL\u00c1NOS SZERZ\u0150D\u00c9SI FELT\u00c9TELEK (\u00c1SZF)","og_description":"\u00a0 Hungarian Card Expo \u2013 Ki\u00e1ll\u00edt\u00f3k r\u00e9sz\u00e9re \u00a0 Hat\u00e1lyos: 2025. 07. 22-t\u0151l visszavon\u00e1sigKiad\u00f3: Hungarian Card Expo Szervez\u0151i (a tov\u00e1bbiakban: \u201eSzervez\u0151\u201d) 1. \u00c1ltal\u00e1nos rendelkez\u00e9sek 1.1. Jelen \u00c1ltal\u00e1nos Szerz\u0151d\u00e9si Felt\u00e9telek (\u00c1SZF) szab\u00e1lyozz\u00e1k a Hungarian Card Expo (a tov\u00e1bbiakban: Rendezv\u00e9ny) keret\u00e9ben a ki\u00e1ll\u00edt\u00f3k \u00e1ltal t\u00f6rt\u00e9n\u0151 asztalfoglal\u00e1s \u00e9s r\u00e9szv\u00e9tel felt\u00e9teleit. 1.2. Az \u00c1SZF hat\u00e1lya kiterjed minden olyan term\u00e9szetes vagy [&hellip;]","og_url":"https:\/\/hungariancardexpo.hu\/en\/aszf\/","og_site_name":"Hungarian Card Expo","article_modified_time":"2025-09-08T16:45:34+00:00","twitter_card":"summary_large_image","twitter_misc":{"Estimated reading time":"5 minutes"},"schema":{"@context":"https:\/\/schema.org","@graph":[{"@type":"WebPage","@id":"https:\/\/hungariancardexpo.hu\/aszf\/","url":"https:\/\/hungariancardexpo.hu\/aszf\/","name":"\u00c1LTAL\u00c1NOS SZERZ\u0150D\u00c9SI FELT\u00c9TELEK (\u00c1SZF) - Hungarian Card Expo","isPartOf":{"@id":"https:\/\/hungariancardexpo.hu\/#website"},"datePublished":"2025-05-30T07:49:13+00:00","dateModified":"2025-09-08T16:45:34+00:00","breadcrumb":{"@id":"https:\/\/hungariancardexpo.hu\/aszf\/#breadcrumb"},"inLanguage":"en-GB","potentialAction":[{"@type":"ReadAction","target":["https:\/\/hungariancardexpo.hu\/aszf\/"]}]},{"@type":"BreadcrumbList","@id":"https:\/\/hungariancardexpo.hu\/aszf\/#breadcrumb","itemListElement":[{"@type":"ListItem","position":1,"name":"Home","item":"https:\/\/hungariancardexpo.hu\/"},{"@type":"ListItem","position":2,"name":"\u00c1LTAL\u00c1NOS SZERZ\u0150D\u00c9SI FELT\u00c9TELEK (\u00c1SZF)"}]},{"@type":"WebSite","@id":"https:\/\/hungariancardexpo.hu\/#website","url":"https:\/\/hungariancardexpo.hu\/","name":"The Hungarian Card Expo","description":"hungariancardexpo","publisher":{"@id":"https:\/\/hungariancardexpo.hu\/#organization"},"potentialAction":[{"@type":"SearchAction","target":{"@type":"EntryPoint","urlTemplate":"https:\/\/hungariancardexpo.hu\/?s={search_term_string}"},"query-input":{"@type":"PropertyValueSpecification","valueRequired":true,"valueName":"search_term_string"}}],"inLanguage":"en-GB"},{"@type":"Organization","@id":"https:\/\/hungariancardexpo.hu\/#organization","name":"The Hungarian Card Expo","url":"https:\/\/hungariancardexpo.hu\/","logo":{"@type":"ImageObject","inLanguage":"en-GB","@id":"https:\/\/hungariancardexpo.hu\/#\/schema\/logo\/image\/","url":"https:\/\/hungariancardexpo.hu\/wp-content\/uploads\/2023\/05\/favicon-1.png","contentUrl":"https:\/\/hungariancardexpo.hu\/wp-content\/uploads\/2023\/05\/favicon-1.png","width":100,"height":100,"caption":"Hungarian Card Expo"},"image":{"@id":"https:\/\/hungariancardexpo.hu\/#\/schema\/logo\/image\/"}}]}},"_links":{"self":[{"href":"https:\/\/hungariancardexpo.hu\/en\/wp-json\/wp\/v2\/pages\/3766","targetHints":{"allow":["GET"]}}],"collection":[{"href":"https:\/\/hungariancardexpo.hu\/en\/wp-json\/wp\/v2\/pages"}],"about":[{"href":"https:\/\/hungariancardexpo.hu\/en\/wp-json\/wp\/v2\/types\/page"}],"author":[{"embeddable":true,"href":"https:\/\/hungariancardexpo.hu\/en\/wp-json\/wp\/v2\/users\/1"}],"replies":[{"embeddable":true,"href":"https:\/\/hungariancardexpo.hu\/en\/wp-json\/wp\/v2\/comments?post=3766"}],"version-history":[{"count":11,"href":"https:\/\/hungariancardexpo.hu\/en\/wp-json\/wp\/v2\/pages\/3766\/revisions"}],"predecessor-version":[{"id":4118,"href":"https:\/\/hungariancardexpo.hu\/en\/wp-json\/wp\/v2\/pages\/3766\/revisions\/4118"}],"wp:attachment":[{"href":"https:\/\/hungariancardexpo.hu\/en\/wp-json\/wp\/v2\/media?parent=3766"}],"curies":[{"name":"wp","href":"https:\/\/api.w.org\/{rel}","templated":true}]}}