{"id":3,"date":"2023-05-02T07:17:11","date_gmt":"2023-05-02T07:17:11","guid":{"rendered":"https:\/\/hungariancardexpo.hu\/?page_id=3"},"modified":"2025-02-21T08:42:14","modified_gmt":"2025-02-21T07:42:14","slug":"privacy-policy","status":"publish","type":"page","link":"https:\/\/hungariancardexpo.hu\/en\/privacy-policy\/","title":{"rendered":"Terms &amp; Condition"},"content":{"rendered":"<p><strong>Adatkezel\u00e9si T\u00e1j\u00e9koztat\u00f3 \u2013 Hungarian Card Expo<\/strong><\/p>\n\n\n\n<p>Ez az Adatkezel\u00e9si T\u00e1j\u00e9koztat\u00f3 (a tov\u00e1bbiakban: \u201eT\u00e1j\u00e9koztat\u00f3\u201d) a Hungarian Card Expo szolg\u00e1ltat\u00e1sait ig\u00e9nybe vev\u0151 felhaszn\u00e1l\u00f3k, v\u00e1s\u00e1rl\u00f3k \u00e9s \u00fcgyfelek szem\u00e9lyes adatainak kezel\u00e9s\u00e9re vonatkoz\u00f3 inform\u00e1ci\u00f3kat tartalmazza. A T\u00e1j\u00e9koztat\u00f3 c\u00e9lja, hogy a v\u00e1s\u00e1rl\u00f3k \u00e9s felhaszn\u00e1l\u00f3k teljes k\u00f6r\u0171 t\u00e1j\u00e9koztat\u00e1st kapjanak szem\u00e9lyes adatainak kezel\u00e9s\u00e9r\u0151l, annak m\u00f3dj\u00e1r\u00f3l, c\u00e9lj\u00e1r\u00f3l \u00e9s jogi alapj\u00e1r\u00f3l.<\/p>\n\n\n\n<p><strong>V\u00e1llalkoz\u00f3 adatai:<\/strong><\/p>\n\n\n\n<p>N\u00e9v: Szab\u00f3 M\u00e1rk egy\u00e9ni v\u00e1llalkoz\u00f3<br>Sz\u00e9khely: 1032 Budapest \u00c1goston utca 14. 7\/39.<br>Ad\u00f3sz\u00e1m: 59728090-1-41<br>Kapcsolattart\u00f3: Szab\u00f3 M\u00e1rk<br>Email: ongolianthadur@gmail.com<br>Telefonsz\u00e1m: 06303428770<\/p>\n\n\n\n<p><strong>Az adatkezel\u00e9s c\u00e9lja \u00e9s jogalapja:<\/strong><\/p>\n\n\n\n<p>A szem\u00e9lyes adatokat a Hungarian Card Expo (a tov\u00e1bbiakban: \u201eWeboldal\u201d vagy \u201eSzolg\u00e1ltat\u00e1s\u201d) \u00e1ltal ny\u00fajtott szolg\u00e1ltat\u00e1sok biztos\u00edt\u00e1sa \u00e9rdek\u00e9ben kezelj\u00fck, ide\u00e9rtve az online v\u00e1s\u00e1rl\u00e1st, valamint a felhaszn\u00e1l\u00f3i fi\u00f3kok l\u00e9trehoz\u00e1s\u00e1t, kezel\u00e9s\u00e9t, \u00e9s egy\u00e9b, a v\u00e1s\u00e1rl\u00e1ssal kapcsolatos tev\u00e9kenys\u00e9geket. A szem\u00e9lyes adatok kezel\u00e9se a k\u00f6vetkez\u0151 c\u00e9lokb\u00f3l t\u00f6rt\u00e9nik:<\/p>\n\n\n\n<ol class=\"wp-block-list\">\n<li><strong>V\u00e1s\u00e1rl\u00f3i adatok kezel\u00e9se:<\/strong>\u00a0A v\u00e1s\u00e1rl\u00e1s lebonyol\u00edt\u00e1sa \u00e9rdek\u00e9ben, bele\u00e9rtve a term\u00e9kek kiv\u00e1laszt\u00e1s\u00e1t, kos\u00e1rba helyez\u00e9s\u00e9t, rendel\u00e9s visszaigazol\u00e1s\u00e1t \u00e9s a term\u00e9kek k\u00e9zbes\u00edt\u00e9s\u00e9t.<br><strong>Jogalap:<\/strong>\u00a0A szerz\u0151d\u00e9ses k\u00f6telezetts\u00e9g teljes\u00edt\u00e9se (GDPR 6. cikk (1) b) pont).<\/li>\n\n\n\n<li><strong>Sz\u00e1ml\u00e1z\u00e1s \u00e9s fizet\u00e9s:<\/strong>\u00a0A v\u00e1s\u00e1rl\u00e1shoz sz\u00fcks\u00e9ges adatkezel\u00e9s, bele\u00e9rtve a sz\u00e1ml\u00e1z\u00e1st \u00e9s az esetleges visszat\u00e9r\u00edt\u00e9seket.<br><strong>Jogalap:<\/strong>\u00a0A szerz\u0151d\u00e9ses k\u00f6telezetts\u00e9g teljes\u00edt\u00e9se (GDPR 6. cikk (1) b) pont), jogi k\u00f6telezetts\u00e9g teljes\u00edt\u00e9se (GDPR 6. cikk (1) c) pont).<\/li>\n\n\n\n<li><strong>Felhaszn\u00e1l\u00f3i regisztr\u00e1ci\u00f3 \u00e9s fi\u00f3k kezel\u00e9s:<\/strong>\u00a0A felhaszn\u00e1l\u00f3 \u00e1ltal l\u00e9trehozott fi\u00f3k ny\u00fajt\u00e1sa \u00e9s kezel\u00e9se, amely lehet\u0151v\u00e9 teszi a v\u00e1s\u00e1rl\u00f3k sz\u00e1m\u00e1ra a rendel\u00e9seik nyomon k\u00f6vet\u00e9s\u00e9t, kedvezm\u00e9nyek \u00e9s akci\u00f3k ig\u00e9nybev\u00e9tel\u00e9t.<br><strong>Jogalap:<\/strong>\u00a0A felhaszn\u00e1l\u00f3 beleegyez\u00e9se (GDPR 6. cikk (1) a) pont).<\/li>\n\n\n\n<li><strong>Marketing c\u00e9l\u00fa adatkezel\u00e9s:<\/strong>\u00a0H\u00edrlevelek, prom\u00f3ci\u00f3k, akci\u00f3k k\u00fcld\u00e9se az \u00d6n beleegyez\u00e9s\u00e9vel.<br><strong>Jogalap:<\/strong>\u00a0A felhaszn\u00e1l\u00f3 beleegyez\u00e9se (GDPR 6. cikk (1) a) pont).<\/li>\n\n\n\n<li><strong>Szolg\u00e1ltat\u00e1s jav\u00edt\u00e1sa \u00e9s \u00fcgyf\u00e9lszolg\u00e1lat:<\/strong>\u00a0Az \u00d6n \u00e1ltal megadott adatokat felhaszn\u00e1ljuk a szolg\u00e1ltat\u00e1s min\u0151s\u00e9g\u00e9nek jav\u00edt\u00e1s\u00e1ra \u00e9s az \u00fcgyf\u00e9lszolg\u00e1lati t\u00e1mogat\u00e1s ny\u00fajt\u00e1s\u00e1ra.<br><strong>Jogalap:<\/strong>\u00a0A szerz\u0151d\u00e9ses k\u00f6telezetts\u00e9g teljes\u00edt\u00e9se (GDPR 6. cikk (1) b) pont).<\/li>\n<\/ol>\n\n\n\n<p><strong>Kezelet szem\u00e9lyes adatok k\u00f6re:<\/strong><\/p>\n\n\n\n<p>A k\u00f6vetkez\u0151 szem\u00e9lyes adatokat kezelj\u00fck:<\/p>\n\n\n\n<ul class=\"wp-block-list\">\n<li>N\u00e9v<\/li>\n\n\n\n<li>E-mail c\u00edm<\/li>\n\n\n\n<li>Phone<\/li>\n\n\n\n<li>Sz\u00e1ml\u00e1z\u00e1si \u00e9s sz\u00e1ll\u00edt\u00e1si c\u00edm<\/li>\n\n\n\n<li>V\u00e1s\u00e1rl\u00e1si inform\u00e1ci\u00f3k (megrendelt term\u00e9kek, \u00e1raml\u00e1s, stb.)<\/li>\n\n\n\n<li>Bankk\u00e1rtya adatok (csak a fizet\u00e9si szolg\u00e1ltat\u00f3 fel\u00e9 ker\u00fclnek tov\u00e1bb\u00edt\u00e1sra)<\/li>\n\n\n\n<li>IP c\u00edm (a weboldalon val\u00f3 navig\u00e1l\u00e1s sor\u00e1n gy\u0171jt\u00f6tt technikai adatok)<\/li>\n\n\n\n<li>Felhaszn\u00e1l\u00f3i azonos\u00edt\u00f3, jelsz\u00f3<\/li>\n<\/ul>\n\n\n\n<p><strong>Adattov\u00e1bb\u00edt\u00e1s:<\/strong><\/p>\n\n\n\n<p>Az \u00d6n szem\u00e9lyes adatait kiz\u00e1r\u00f3lag akkor tov\u00e1bb\u00edtjuk harmadik f\u00e9l sz\u00e1m\u00e1ra, ha arra jogszab\u00e1ly k\u00f6telez minket, vagy ha a szolg\u00e1ltat\u00e1s ig\u00e9nybev\u00e9tele sor\u00e1n sz\u00fcks\u00e9ges (pl. fut\u00e1rszolg\u00e1lat a term\u00e9kek k\u00e9zbes\u00edt\u00e9s\u00e9hez).<\/p>\n\n\n\n<p><strong>Adatmeg\u0151rz\u00e9si id\u0151:<\/strong><\/p>\n\n\n\n<p>A szem\u00e9lyes adatokat a szerz\u0151d\u00e9s teljes\u00edt\u00e9s\u00e9hez sz\u00fcks\u00e9ges ideig, illetve a jogszab\u00e1lyokban el\u0151\u00edrt k\u00f6telez\u0151 meg\u0151rz\u00e9si id\u0151szakoknak megfelel\u0151en t\u00e1roljuk. Az adatokat a k\u00f6vetkez\u0151 id\u0151szakokig t\u00e1roljuk:<\/p>\n\n\n\n<ul class=\"wp-block-list\">\n<li>V\u00e1s\u00e1rl\u00e1s eset\u00e9n a sz\u00e1mla \u00e9s egy\u00e9b v\u00e1s\u00e1rl\u00e1ssal kapcsolatos adatokat 5 \u00e9vig meg\u0151rizz\u00fck.<\/li>\n\n\n\n<li>Marketing c\u00e9l\u00fa adatokat addig \u0151rizz\u00fck, am\u00edg nem t\u00f6rli a felhaszn\u00e1l\u00f3 a h\u00edrlev\u00e9lr\u0151l val\u00f3 feliratkoz\u00e1s\u00e1t.<\/li>\n<\/ul>\n\n\n\n<p><strong>Adatbiztons\u00e1g:<\/strong><\/p>\n\n\n\n<p>A szem\u00e9lyes adatokat biztons\u00e1gosan t\u00e1roljuk, \u00e9s minden sz\u00fcks\u00e9ges technikai \u00e9s szervez\u00e9si int\u00e9zked\u00e9st megtesz\u00fcnk azok v\u00e9delme \u00e9rdek\u00e9ben. A rendszereinkben t\u00e1rolt adatokat titkos\u00edtjuk, \u00e9s kiz\u00e1r\u00f3lag jogosult munkat\u00e1rsak f\u00e9rhetnek hozz\u00e1.<\/p>\n\n\n\n<p><strong>A felhaszn\u00e1l\u00f3i jogok:<\/strong><\/p>\n\n\n\n<p>A felhaszn\u00e1l\u00f3k a k\u00f6vetkez\u0151 jogokkal rendelkeznek:<\/p>\n\n\n\n<ol class=\"wp-block-list\">\n<li><strong>Hozz\u00e1f\u00e9r\u00e9s joga:<\/strong>\u00a0K\u00e9r\u00e9sre t\u00e1j\u00e9koztat\u00e1st adunk arr\u00f3l, hogy milyen szem\u00e9lyes adatokat kezel\u00fcnk \u00d6nr\u0151l.<\/li>\n\n\n\n<li><strong>Helyesb\u00edt\u00e9s joga:<\/strong>\u00a0Ha b\u00e1rmely szem\u00e9lyes adat\u00e1ban hiba van, jogosult arra, hogy k\u00e9rje azok helyesb\u00edt\u00e9s\u00e9t.<\/li>\n\n\n\n<li><strong>T\u00f6rl\u00e9s joga (\u201eelfeledtet\u00e9s joga\u201d):<\/strong>\u00a0Jogosult arra, hogy k\u00e9rje szem\u00e9lyes adatainak t\u00f6rl\u00e9s\u00e9t, ha azok m\u00e1r nem sz\u00fcks\u00e9gesek a kezel\u00e9s c\u00e9lj\u00e1hoz.<\/li>\n\n\n\n<li><strong>Adathordozhat\u00f3s\u00e1g joga:<\/strong>\u00a0Jogosult arra, hogy a r\u00e1 vonatkoz\u00f3 szem\u00e9lyes adatokat struktur\u00e1lt, sz\u00e9les k\u00f6rben haszn\u00e1lt, g\u00e9ppel olvashat\u00f3 form\u00e1tumban megkapja, \u00e9s azokat egy m\u00e1sik adatkezel\u0151nek tov\u00e1bb\u00edtsa.<\/li>\n\n\n\n<li><strong>Tiltakoz\u00e1s joga:<\/strong>\u00a0Jogosult arra, hogy k\u00e9rje szem\u00e9lyes adatainak kezel\u00e9se ellen tiltakozzon, ha a kezel\u00e9st jogszer\u0171 \u00e9rdeken alapul\u00f3 adatkezel\u00e9s indokolja.<\/li>\n<\/ol>\n\n\n\n<p><strong>Kapcsolatfelv\u00e9tel:<\/strong><\/p>\n\n\n\n<p>B\u00e1rmilyen adatkezel\u00e9ssel kapcsolatos k\u00e9rd\u00e9sekkel, jogorvoslati k\u00e9relmekkel, vagy a szem\u00e9lyes adatokkal kapcsolatos egy\u00e9b ig\u00e9nyekkel kapcsolatban fordulhat hozz\u00e1nk a k\u00f6vetkez\u0151 el\u00e9rhet\u0151s\u00e9gek egyik\u00e9n:<\/p>\n\n\n\n<p>Email: ongolianthadur@gmail.com<br>Telefonsz\u00e1m: 06303428770<\/p>\n\n\n\n<p><strong>A t\u00e1j\u00e9koztat\u00f3 m\u00f3dos\u00edt\u00e1sa:<\/strong><\/p>\n\n\n\n<p>A weboldal fenntartja a jogot, hogy a jelen Adatkezel\u00e9si T\u00e1j\u00e9koztat\u00f3t b\u00e1rmikor m\u00f3dos\u00edtsa. A m\u00f3dos\u00edtott T\u00e1j\u00e9koztat\u00f3 a weboldalon val\u00f3 k\u00f6zz\u00e9t\u00e9tellel v\u00e1lik \u00e9rv\u00e9nyess\u00e9.<\/p>\n\n\n\n<hr class=\"wp-block-separator has-alpha-channel-opacity\"\/>\n\n\n\n<p>Ez a dokumentum seg\u00edt biztos\u00edtani, hogy a v\u00e1s\u00e1rl\u00f3k \u00e9s felhaszn\u00e1l\u00f3k tiszt\u00e1ban legyenek jogukkal, valamint hogyan kezelj\u00fck adataikat, \u00e9s mivel online shopk\u00e9nt fontos a v\u00e1s\u00e1rl\u00f3i adatkezel\u00e9s is.<\/p>\n\n\n\n<p>Ha a regisztr\u00e1lt felhaszn\u00e1l\u00f3 nem el\u00e9gedett az adatkezel\u0151 v\u00e1lasz\u00e1val, akkor szem\u00e9lyes adatai v\u00e9delm\u00e9hez val\u00f3 jog\u00e1t polg\u00e1ri b\u00edr\u00f3s\u00e1g el\u0151tt \u00e9rv\u00e9nyes\u00edtheti, tov\u00e1bb\u00e1 a Nemzeti Adatv\u00e9delmi \u00e9s Inform\u00e1ci\u00f3szabads\u00e1g Hat\u00f3s\u00e1ghoz (&nbsp;<a href=\"https:\/\/www.molluszk.hu\/adatvedelmi-iranyelvek\/www.naih.hu\/kapcsolat.html\">www.naih.hu\/kapcsolat.html<\/a>&nbsp;) fordulhat.<\/p>\n\n\n\n<p>Adatfeldolgoz\u00f3 adatai \u00e9s el\u00e9rhet\u0151s\u00e9gei:<\/p>\n\n\n\n<p>T\u00e1rhely.Eu Szolg\u00e1ltat\u00f3 Kft.<\/p>\n\n\n\n<p>1097 Budapest, K\u00f6nyves K\u00e1lm\u00e1n k\u00f6r\u00fat 12-14.<\/p>\n\n\n\n<p>Telefonsz\u00e1m: +36 1 789 2 789<\/p>\n\n\n\n<p>C\u00e9gjegyz\u00e9ksz\u00e1m: 01-09-909968<\/p>\n\n\n\n<p>C\u00e9get nyilv\u00e1ntart\u00f3 b\u00edr\u00f3s\u00e1g: Budapesti T\u00f6rv\u00e9nysz\u00e9k C\u00e9gb\u00edr\u00f3s\u00e1ga<\/p>\n\n\n\n<p>Ad\u00f3sz\u00e1m: 14571332-2-42<\/p>\n\n\n\n<p>Email:&nbsp; support@tarhely.eu<\/p>\n\n\n\n<p>Web:&nbsp;<a href=\"https:\/\/tarhely.eu\/\">https:\/\/tarhely.eu\/<\/a><\/p>\n\n\n\n<p>A T\u00e1rhely Web\u00e1ruh\u00e1z Rendszer szolg\u00e1ltat\u00f3ja. A web\u00e1ruh\u00e1z m\u0171k\u00f6d\u00e9s\u00e9hez sz\u00fcks\u00e9ges komplett szerver \u00e9s hosting k\u00f6rnyezetet biztos\u00edtja.<\/p>","protected":false},"excerpt":{"rendered":"<p>Adatkezel\u00e9si T\u00e1j\u00e9koztat\u00f3 \u2013 Hungarian Card Expo Ez az Adatkezel\u00e9si T\u00e1j\u00e9koztat\u00f3 (a tov\u00e1bbiakban: \u201eT\u00e1j\u00e9koztat\u00f3\u201d) a Hungarian Card Expo szolg\u00e1ltat\u00e1sait ig\u00e9nybe vev\u0151 felhaszn\u00e1l\u00f3k, v\u00e1s\u00e1rl\u00f3k \u00e9s \u00fcgyfelek szem\u00e9lyes adatainak kezel\u00e9s\u00e9re vonatkoz\u00f3 inform\u00e1ci\u00f3kat tartalmazza. A T\u00e1j\u00e9koztat\u00f3 c\u00e9lja, hogy a v\u00e1s\u00e1rl\u00f3k \u00e9s felhaszn\u00e1l\u00f3k teljes k\u00f6r\u0171 t\u00e1j\u00e9koztat\u00e1st kapjanak szem\u00e9lyes adatainak kezel\u00e9s\u00e9r\u0151l, annak m\u00f3dj\u00e1r\u00f3l, c\u00e9lj\u00e1r\u00f3l \u00e9s jogi alapj\u00e1r\u00f3l. V\u00e1llalkoz\u00f3 adatai: N\u00e9v: Szab\u00f3 [&hellip;]<\/p>\n","protected":false},"author":1,"featured_media":0,"parent":0,"menu_order":0,"comment_status":"closed","ping_status":"open","template":"","meta":{"footnotes":""},"class_list":["post-3","page","type-page","status-publish","hentry"],"yoast_head":"<!-- This site is optimized with the Yoast SEO Premium plugin v27.3 (Yoast SEO v27.3) - https:\/\/yoast.com\/product\/yoast-seo-premium-wordpress\/ -->\n<title>Adatkezel\u00e9si t\u00e1j\u00e9koztat\u00f3 - Hungarian Card Expo<\/title>\n<meta name=\"robots\" content=\"index, follow, max-snippet:-1, max-video-preview:-1, noimageindex\" \/>\n<link rel=\"canonical\" href=\"https:\/\/hungariancardexpo.hu\/en\/privacy-policy\/\" \/>\n<meta property=\"og:locale\" content=\"en_GB\" \/>\n<meta property=\"og:type\" content=\"article\" \/>\n<meta property=\"og:title\" content=\"Adatkezel\u00e9si t\u00e1j\u00e9koztat\u00f3\" \/>\n<meta property=\"og:description\" content=\"Adatkezel\u00e9si T\u00e1j\u00e9koztat\u00f3 \u2013 Hungarian Card Expo Ez az Adatkezel\u00e9si T\u00e1j\u00e9koztat\u00f3 (a tov\u00e1bbiakban: \u201eT\u00e1j\u00e9koztat\u00f3\u201d) a Hungarian Card Expo szolg\u00e1ltat\u00e1sait ig\u00e9nybe vev\u0151 felhaszn\u00e1l\u00f3k, v\u00e1s\u00e1rl\u00f3k \u00e9s \u00fcgyfelek szem\u00e9lyes adatainak kezel\u00e9s\u00e9re vonatkoz\u00f3 inform\u00e1ci\u00f3kat tartalmazza. A T\u00e1j\u00e9koztat\u00f3 c\u00e9lja, hogy a v\u00e1s\u00e1rl\u00f3k \u00e9s felhaszn\u00e1l\u00f3k teljes k\u00f6r\u0171 t\u00e1j\u00e9koztat\u00e1st kapjanak szem\u00e9lyes adatainak kezel\u00e9s\u00e9r\u0151l, annak m\u00f3dj\u00e1r\u00f3l, c\u00e9lj\u00e1r\u00f3l \u00e9s jogi alapj\u00e1r\u00f3l. V\u00e1llalkoz\u00f3 adatai: N\u00e9v: Szab\u00f3 [&hellip;]\" \/>\n<meta property=\"og:url\" content=\"https:\/\/hungariancardexpo.hu\/en\/privacy-policy\/\" \/>\n<meta property=\"og:site_name\" content=\"Hungarian Card Expo\" \/>\n<meta property=\"article:modified_time\" content=\"2025-02-21T07:42:14+00:00\" \/>\n<meta name=\"twitter:card\" content=\"summary_large_image\" \/>\n<meta name=\"twitter:label1\" content=\"Estimated reading time\" \/>\n\t<meta name=\"twitter:data1\" content=\"4 minutes\" \/>\n<script type=\"application\/ld+json\" class=\"yoast-schema-graph\">{\"@context\":\"https:\\\/\\\/schema.org\",\"@graph\":[{\"@type\":\"WebPage\",\"@id\":\"https:\\\/\\\/hungariancardexpo.hu\\\/privacy-policy\\\/\",\"url\":\"https:\\\/\\\/hungariancardexpo.hu\\\/privacy-policy\\\/\",\"name\":\"Adatkezel\u00e9si t\u00e1j\u00e9koztat\u00f3 - Hungarian Card Expo\",\"isPartOf\":{\"@id\":\"https:\\\/\\\/hungariancardexpo.hu\\\/#website\"},\"datePublished\":\"2023-05-02T07:17:11+00:00\",\"dateModified\":\"2025-02-21T07:42:14+00:00\",\"breadcrumb\":{\"@id\":\"https:\\\/\\\/hungariancardexpo.hu\\\/privacy-policy\\\/#breadcrumb\"},\"inLanguage\":\"en-GB\",\"potentialAction\":[{\"@type\":\"ReadAction\",\"target\":[\"https:\\\/\\\/hungariancardexpo.hu\\\/privacy-policy\\\/\"]}]},{\"@type\":\"BreadcrumbList\",\"@id\":\"https:\\\/\\\/hungariancardexpo.hu\\\/privacy-policy\\\/#breadcrumb\",\"itemListElement\":[{\"@type\":\"ListItem\",\"position\":1,\"name\":\"Home\",\"item\":\"https:\\\/\\\/hungariancardexpo.hu\\\/\"},{\"@type\":\"ListItem\",\"position\":2,\"name\":\"Adatkezel\u00e9si t\u00e1j\u00e9koztat\u00f3\"}]},{\"@type\":\"WebSite\",\"@id\":\"https:\\\/\\\/hungariancardexpo.hu\\\/#website\",\"url\":\"https:\\\/\\\/hungariancardexpo.hu\\\/\",\"name\":\"Hungarian Card Expo\",\"description\":\"hungariancardexpo\",\"publisher\":{\"@id\":\"https:\\\/\\\/hungariancardexpo.hu\\\/#organization\"},\"potentialAction\":[{\"@type\":\"SearchAction\",\"target\":{\"@type\":\"EntryPoint\",\"urlTemplate\":\"https:\\\/\\\/hungariancardexpo.hu\\\/?s={search_term_string}\"},\"query-input\":{\"@type\":\"PropertyValueSpecification\",\"valueRequired\":true,\"valueName\":\"search_term_string\"}}],\"inLanguage\":\"en-GB\"},{\"@type\":\"Organization\",\"@id\":\"https:\\\/\\\/hungariancardexpo.hu\\\/#organization\",\"name\":\"Hungarian Card Expo\",\"url\":\"https:\\\/\\\/hungariancardexpo.hu\\\/\",\"logo\":{\"@type\":\"ImageObject\",\"inLanguage\":\"en-GB\",\"@id\":\"https:\\\/\\\/hungariancardexpo.hu\\\/#\\\/schema\\\/logo\\\/image\\\/\",\"url\":\"https:\\\/\\\/hungariancardexpo.hu\\\/wp-content\\\/uploads\\\/2023\\\/05\\\/favicon-1.png\",\"contentUrl\":\"https:\\\/\\\/hungariancardexpo.hu\\\/wp-content\\\/uploads\\\/2023\\\/05\\\/favicon-1.png\",\"width\":100,\"height\":100,\"caption\":\"Hungarian Card Expo\"},\"image\":{\"@id\":\"https:\\\/\\\/hungariancardexpo.hu\\\/#\\\/schema\\\/logo\\\/image\\\/\"}}]}<\/script>\n<!-- \/ Yoast SEO Premium plugin. -->","yoast_head_json":{"title":"Adatkezel\u00e9si t\u00e1j\u00e9koztat\u00f3 - Hungarian Card Expo","robots":{"index":"index","follow":"follow","max-snippet":"max-snippet:-1","max-video-preview":"max-video-preview:-1","imageindex":"noimageindex"},"canonical":"https:\/\/hungariancardexpo.hu\/en\/privacy-policy\/","og_locale":"en_GB","og_type":"article","og_title":"Adatkezel\u00e9si t\u00e1j\u00e9koztat\u00f3","og_description":"Adatkezel\u00e9si T\u00e1j\u00e9koztat\u00f3 \u2013 Hungarian Card Expo Ez az Adatkezel\u00e9si T\u00e1j\u00e9koztat\u00f3 (a tov\u00e1bbiakban: \u201eT\u00e1j\u00e9koztat\u00f3\u201d) a Hungarian Card Expo szolg\u00e1ltat\u00e1sait ig\u00e9nybe vev\u0151 felhaszn\u00e1l\u00f3k, v\u00e1s\u00e1rl\u00f3k \u00e9s \u00fcgyfelek szem\u00e9lyes adatainak kezel\u00e9s\u00e9re vonatkoz\u00f3 inform\u00e1ci\u00f3kat tartalmazza. A T\u00e1j\u00e9koztat\u00f3 c\u00e9lja, hogy a v\u00e1s\u00e1rl\u00f3k \u00e9s felhaszn\u00e1l\u00f3k teljes k\u00f6r\u0171 t\u00e1j\u00e9koztat\u00e1st kapjanak szem\u00e9lyes adatainak kezel\u00e9s\u00e9r\u0151l, annak m\u00f3dj\u00e1r\u00f3l, c\u00e9lj\u00e1r\u00f3l \u00e9s jogi alapj\u00e1r\u00f3l. V\u00e1llalkoz\u00f3 adatai: N\u00e9v: Szab\u00f3 [&hellip;]","og_url":"https:\/\/hungariancardexpo.hu\/en\/privacy-policy\/","og_site_name":"Hungarian Card Expo","article_modified_time":"2025-02-21T07:42:14+00:00","twitter_card":"summary_large_image","twitter_misc":{"Estimated reading time":"4 minutes"},"schema":{"@context":"https:\/\/schema.org","@graph":[{"@type":"WebPage","@id":"https:\/\/hungariancardexpo.hu\/privacy-policy\/","url":"https:\/\/hungariancardexpo.hu\/privacy-policy\/","name":"Adatkezel\u00e9si t\u00e1j\u00e9koztat\u00f3 - Hungarian Card Expo","isPartOf":{"@id":"https:\/\/hungariancardexpo.hu\/#website"},"datePublished":"2023-05-02T07:17:11+00:00","dateModified":"2025-02-21T07:42:14+00:00","breadcrumb":{"@id":"https:\/\/hungariancardexpo.hu\/privacy-policy\/#breadcrumb"},"inLanguage":"en-GB","potentialAction":[{"@type":"ReadAction","target":["https:\/\/hungariancardexpo.hu\/privacy-policy\/"]}]},{"@type":"BreadcrumbList","@id":"https:\/\/hungariancardexpo.hu\/privacy-policy\/#breadcrumb","itemListElement":[{"@type":"ListItem","position":1,"name":"Home","item":"https:\/\/hungariancardexpo.hu\/"},{"@type":"ListItem","position":2,"name":"Adatkezel\u00e9si t\u00e1j\u00e9koztat\u00f3"}]},{"@type":"WebSite","@id":"https:\/\/hungariancardexpo.hu\/#website","url":"https:\/\/hungariancardexpo.hu\/","name":"The Hungarian Card Expo","description":"hungariancardexpo","publisher":{"@id":"https:\/\/hungariancardexpo.hu\/#organization"},"potentialAction":[{"@type":"SearchAction","target":{"@type":"EntryPoint","urlTemplate":"https:\/\/hungariancardexpo.hu\/?s={search_term_string}"},"query-input":{"@type":"PropertyValueSpecification","valueRequired":true,"valueName":"search_term_string"}}],"inLanguage":"en-GB"},{"@type":"Organization","@id":"https:\/\/hungariancardexpo.hu\/#organization","name":"The Hungarian Card Expo","url":"https:\/\/hungariancardexpo.hu\/","logo":{"@type":"ImageObject","inLanguage":"en-GB","@id":"https:\/\/hungariancardexpo.hu\/#\/schema\/logo\/image\/","url":"https:\/\/hungariancardexpo.hu\/wp-content\/uploads\/2023\/05\/favicon-1.png","contentUrl":"https:\/\/hungariancardexpo.hu\/wp-content\/uploads\/2023\/05\/favicon-1.png","width":100,"height":100,"caption":"Hungarian Card Expo"},"image":{"@id":"https:\/\/hungariancardexpo.hu\/#\/schema\/logo\/image\/"}}]}},"_links":{"self":[{"href":"https:\/\/hungariancardexpo.hu\/en\/wp-json\/wp\/v2\/pages\/3","targetHints":{"allow":["GET"]}}],"collection":[{"href":"https:\/\/hungariancardexpo.hu\/en\/wp-json\/wp\/v2\/pages"}],"about":[{"href":"https:\/\/hungariancardexpo.hu\/en\/wp-json\/wp\/v2\/types\/page"}],"author":[{"embeddable":true,"href":"https:\/\/hungariancardexpo.hu\/en\/wp-json\/wp\/v2\/users\/1"}],"replies":[{"embeddable":true,"href":"https:\/\/hungariancardexpo.hu\/en\/wp-json\/wp\/v2\/comments?post=3"}],"version-history":[{"count":3,"href":"https:\/\/hungariancardexpo.hu\/en\/wp-json\/wp\/v2\/pages\/3\/revisions"}],"predecessor-version":[{"id":3543,"href":"https:\/\/hungariancardexpo.hu\/en\/wp-json\/wp\/v2\/pages\/3\/revisions\/3543"}],"wp:attachment":[{"href":"https:\/\/hungariancardexpo.hu\/en\/wp-json\/wp\/v2\/media?parent=3"}],"curies":[{"name":"wp","href":"https:\/\/api.w.org\/{rel}","templated":true}]}}